{"id":256,"date":"2025-07-10T14:53:29","date_gmt":"2025-07-10T14:53:29","guid":{"rendered":"https:\/\/vtctransportexpress.com\/?page_id=256"},"modified":"2025-10-27T22:16:44","modified_gmt":"2025-10-27T22:16:44","slug":"faq","status":"publish","type":"page","link":"https:\/\/vtctransportexpress.com\/en\/faq\/","title":{"rendered":"FAQ"},"content":{"rendered":"<style>.kb-row-layout-id256_85d905-d5 > .kt-row-column-wrap{align-content:start;}:where(.kb-row-layout-id256_85d905-d5 > .kt-row-column-wrap) > .wp-block-kadence-column{justify-content:start;}.kb-row-layout-id256_85d905-d5 > .kt-row-column-wrap{column-gap:var(--global-kb-gap-lg, 4rem);row-gap:var(--global-kb-gap-md, 2rem);max-width:var( --global-content-width, 1290px );padding-left:var(--global-content-edge-padding);padding-right:var(--global-content-edge-padding);padding-top:0px;padding-bottom:var(--global-kb-spacing-xxl, 5rem);grid-template-columns:minmax(0, 1fr) minmax(0, 2fr);}.kb-row-layout-id256_85d905-d5 > .kt-row-layout-overlay{opacity:0.30;}@media all and (max-width: 1024px){.kb-row-layout-id256_85d905-d5 > .kt-row-column-wrap{column-gap:var(--global-kb-gap-sm, 1rem);grid-template-columns:minmax(0, 1fr) minmax(0, 2fr);}}@media all and (max-width: 767px){.kb-row-layout-id256_85d905-d5 > .kt-row-column-wrap{grid-template-columns:minmax(0, 1fr);}}<\/style><div class=\"kb-row-layout-wrap kb-row-layout-id256_85d905-d5 alignfull has-theme-palette9-background-color kt-row-has-bg wp-block-kadence-rowlayout\"><div class=\"kt-row-column-wrap kt-has-2-columns kt-row-layout-right-golden kt-tab-layout-inherit kt-mobile-layout-row kt-row-valign-top kb-theme-content-width\">\n<style>.kadence-column256_e38731-12 > .kt-inside-inner-col,.kadence-column256_e38731-12 > .kt-inside-inner-col:before{border-top-left-radius:0px;border-top-right-radius:0px;border-bottom-right-radius:0px;border-bottom-left-radius:0px;}.kadence-column256_e38731-12 > .kt-inside-inner-col{column-gap:var(--global-kb-gap-sm, 1rem);}.kadence-column256_e38731-12 > .kt-inside-inner-col{flex-direction:column;}.kadence-column256_e38731-12 > .kt-inside-inner-col > .aligncenter{width:100%;}.kadence-column256_e38731-12 > .kt-inside-inner-col:before{opacity:0.3;}.kadence-column256_e38731-12{position:relative;}@media all and (max-width: 1024px){.kadence-column256_e38731-12 > .kt-inside-inner-col{flex-direction:column;justify-content:center;}}@media all and (max-width: 767px){.kadence-column256_e38731-12 > .kt-inside-inner-col{flex-direction:column;justify-content:center;}}<\/style>\n<div class=\"wp-block-kadence-column kadence-column256_e38731-12\"><div class=\"kt-inside-inner-col\"><style data-aos-delay=\"1000\" data-aos-duration=\"1450\" data-aos=\"zoom-in-up\">.kb-image256_402598-15:not(.kb-image-is-ratio-size) .kb-img, .kb-image256_402598-15.kb-image-is-ratio-size{padding-top:0px;padding-right:0px;padding-bottom:0px;padding-left:0px;}.kb-image256_402598-15 .kb-image-has-overlay:after{opacity:0.3;border-top-left-radius:95px;border-top-right-radius:95px;border-bottom-right-radius:95px;border-bottom-left-radius:95px;}.kb-image256_402598-15 img.kb-img, .kb-image256_402598-15 .kb-img img{border-top-left-radius:95px;border-top-right-radius:95px;border-bottom-right-radius:95px;border-bottom-left-radius:95px;box-shadow:0px 0px 14px 0px rgba(0, 0, 0, 0.2);object-position:48% 66%;}@media all and (max-width: 1024px){.wp-block-kadence-image.kb-image256_402598-15:not(.kb-specificity-added):not(.kb-extra-specificity-added){margin-top:var(--global-kb-spacing-xl, 4rem);}}@media all and (max-width: 1024px){.kb-image256_402598-15.kb-image-is-ratio-size, .kb-image256_402598-15 .kb-image-is-ratio-size{max-width:1728px;width:100%;}}@media all and (max-width: 1024px){.kb-image256_402598-15 figure{max-width:1728px;}}<\/style>\n<div class=\"wp-block-kadence-image kb-image256_402598-15\" data-aos=\"zoom-in-up\" data-aos-delay=\"1000\" data-aos-duration=\"1450\"><figure class=\"aligncenter size-large kb-image-is-ratio-size\"><div class=\"kb-is-ratio-image kb-image-ratio-port23\"><img decoding=\"async\" width=\"768\" height=\"1024\" src=\"https:\/\/vtctransportexpress.com\/wp-content\/uploads\/2025\/10\/FAQ-V-Transport-Express-768x1024.jpg\" alt=\"Voiture noire sur parking en hauteur, montagnes en arri\u00e8re-plan.\" class=\"kb-img wp-image-1353\" srcset=\"https:\/\/vtctransportexpress.com\/wp-content\/uploads\/2025\/10\/FAQ-V-Transport-Express-768x1024.jpg 768w, https:\/\/vtctransportexpress.com\/wp-content\/uploads\/2025\/10\/FAQ-V-Transport-Express-225x300.jpg 225w, https:\/\/vtctransportexpress.com\/wp-content\/uploads\/2025\/10\/FAQ-V-Transport-Express-1152x1536.jpg 1152w, https:\/\/vtctransportexpress.com\/wp-content\/uploads\/2025\/10\/FAQ-V-Transport-Express-1536x2048.jpg 1536w, https:\/\/vtctransportexpress.com\/wp-content\/uploads\/2025\/10\/FAQ-V-Transport-Express-scaled.jpg 1920w\" sizes=\"(max-width: 768px) 100vw, 768px\" \/><\/div><\/figure><\/div>\n<\/div><\/div>\n\n\n<style>.kadence-column256_459d26-91 > .kt-inside-inner-col,.kadence-column256_459d26-91 > .kt-inside-inner-col:before{border-top-left-radius:0px;border-top-right-radius:0px;border-bottom-right-radius:0px;border-bottom-left-radius:0px;}.kadence-column256_459d26-91 > .kt-inside-inner-col{column-gap:var(--global-kb-gap-sm, 1rem);}.kadence-column256_459d26-91 > .kt-inside-inner-col{flex-direction:column;}.kadence-column256_459d26-91 > .kt-inside-inner-col > .aligncenter{width:100%;}.kadence-column256_459d26-91 > .kt-inside-inner-col:before{opacity:0.3;}.kadence-column256_459d26-91{position:relative;}@media all and (max-width: 1024px){.kadence-column256_459d26-91 > .kt-inside-inner-col{flex-direction:column;justify-content:center;}}@media all and (max-width: 767px){.kadence-column256_459d26-91 > .kt-inside-inner-col{flex-direction:column;justify-content:center;}}<\/style>\n<div class=\"wp-block-kadence-column kadence-column256_459d26-91 kb-section-dir-vertical inner-column-1\"><div class=\"kt-inside-inner-col\"><style>.wp-block-kadence-advancedheading.kt-adv-heading256_e75e58-eb, .wp-block-kadence-advancedheading.kt-adv-heading256_e75e58-eb[data-kb-block=\"kb-adv-heading256_e75e58-eb\"]{margin-top:0px;margin-bottom:var(--global-kb-spacing-xl, 4rem);text-align:center;font-size:var(--global-kb-font-size-lg, 2rem);line-height:1.2em;font-style:normal;}.wp-block-kadence-advancedheading.kt-adv-heading256_e75e58-eb mark.kt-highlight, .wp-block-kadence-advancedheading.kt-adv-heading256_e75e58-eb[data-kb-block=\"kb-adv-heading256_e75e58-eb\"] mark.kt-highlight{font-style:normal;color:#f76a0c;-webkit-box-decoration-break:clone;box-decoration-break:clone;padding-top:0px;padding-right:0px;padding-bottom:0px;padding-left:0px;}.wp-block-kadence-advancedheading.kt-adv-heading256_e75e58-eb img.kb-inline-image, .wp-block-kadence-advancedheading.kt-adv-heading256_e75e58-eb[data-kb-block=\"kb-adv-heading256_e75e58-eb\"] img.kb-inline-image{width:150px;vertical-align:baseline;}<\/style>\n<h2 class=\"kt-adv-heading256_e75e58-eb wp-block-kadence-advancedheading has-theme-palette-2-color has-text-color\" data-kb-block=\"kb-adv-heading256_e75e58-eb\">Foire Aux Questions (FAQ)<\/h2>\n\n\n<style>.kt-accordion-id256_bbcbf0-23 .kt-accordion-inner-wrap{column-gap:var(--global-kb-gap-md, 2rem);row-gap:32px;}.kt-accordion-id256_bbcbf0-23 .kt-accordion-panel-inner{border-top:0px solid transparent;border-right:0px solid transparent;border-bottom:0px solid var(--global-palette5, #4A5568);border-left:0px solid transparent;padding-top:var(--global-kb-spacing-sm, 1.5rem);padding-right:var(--global-kb-spacing-sm, 1.5rem);padding-bottom:0px;padding-left:0px;}.kt-accordion-id256_bbcbf0-23 > .kt-accordion-inner-wrap > .wp-block-kadence-pane > .kt-accordion-header-wrap > .kt-blocks-accordion-header{border-top:1px solid var(--global-palette6, #718096);border-right-color:#eeeeee;border-right-style:solid;border-bottom:0px solid var(--global-palette3, #1A202C);border-left-color:#eeeeee;border-left-style:solid;border-top-left-radius:0px;border-top-right-radius:0px;border-bottom-right-radius:0px;border-bottom-left-radius:0px;background:var(--global-palette9, #ffffff);color:var(--global-palette5, #4A5568);padding-top:var(--global-kb-spacing-md, 2rem);padding-right:0px;padding-bottom:0px;padding-left:0px;}.kt-accordion-id256_bbcbf0-23:not( .kt-accodion-icon-style-basiccircle ):not( .kt-accodion-icon-style-xclosecircle ):not( .kt-accodion-icon-style-arrowcircle )  > .kt-accordion-inner-wrap > .wp-block-kadence-pane > .kt-accordion-header-wrap .kt-blocks-accordion-icon-trigger:after, .kt-accordion-id256_bbcbf0-23:not( .kt-accodion-icon-style-basiccircle ):not( .kt-accodion-icon-style-xclosecircle ):not( .kt-accodion-icon-style-arrowcircle )  > .kt-accordion-inner-wrap > .wp-block-kadence-pane > .kt-accordion-header-wrap .kt-blocks-accordion-icon-trigger:before{background:var(--global-palette5, #4A5568);}.kt-accordion-id256_bbcbf0-23 .kt-accordion-panel-inner, .kt-accordion-id256_bbcbf0-23 .kt-accordion-panel-inner h1, .kt-accordion-id256_bbcbf0-23 .kt-accordion-panel-inner h2, .kt-accordion-id256_bbcbf0-23 .kt-accordion-panel-inner h3, .kt-accordion-id256_bbcbf0-23 .kt-accordion-panel-inner h4, .kt-accordion-id256_bbcbf0-23 .kt-accordion-panel-inner h5, .kt-accordion-id256_bbcbf0-23 .kt-accordion-panel-inner h6{color:var(--global-palette5, #4A5568);}.kt-accordion-id256_bbcbf0-23:not( .kt-accodion-icon-style-basic ):not( .kt-accodion-icon-style-xclose ):not( .kt-accodion-icon-style-arrow ) .kt-blocks-accordion-icon-trigger{background:var(--global-palette5, #4A5568);}.kt-accordion-id256_bbcbf0-23:not( .kt-accodion-icon-style-basic ):not( .kt-accodion-icon-style-xclose ):not( .kt-accodion-icon-style-arrow ) .kt-blocks-accordion-icon-trigger:after, .kt-accordion-id256_bbcbf0-23:not( .kt-accodion-icon-style-basic ):not( .kt-accodion-icon-style-xclose ):not( .kt-accodion-icon-style-arrow ) .kt-blocks-accordion-icon-trigger:before{background:var(--global-palette9, #ffffff);}.kt-accordion-id256_bbcbf0-23 > .kt-accordion-inner-wrap > .wp-block-kadence-pane > .kt-accordion-header-wrap > .kt-blocks-accordion-header:hover, \n\t\t\t\tbody:not(.hide-focus-outline) .kt-accordion-id256_bbcbf0-23 .kt-blocks-accordion-header:focus-visible{color:var(--global-palette2, #2B6CB0);border-top-color:var(--global-palette3, #1A202C);border-top-style:solid;border-right-color:var(--global-palette3, #1A202C);border-right-style:solid;border-bottom-color:var(--global-palette3, #1A202C);border-bottom-style:solid;border-left-color:var(--global-palette3, #1A202C);border-left-style:solid;}.kt-accordion-id256_bbcbf0-23:not( .kt-accodion-icon-style-basiccircle ):not( .kt-accodion-icon-style-xclosecircle ):not( .kt-accodion-icon-style-arrowcircle ) .kt-accordion-header-wrap .kt-blocks-accordion-header:hover .kt-blocks-accordion-icon-trigger:after, .kt-accordion-id256_bbcbf0-23:not( .kt-accodion-icon-style-basiccircle ):not( .kt-accodion-icon-style-xclosecircle ):not( .kt-accodion-icon-style-arrowcircle ) .kt-accordion-header-wrap .kt-blocks-accordion-header:hover .kt-blocks-accordion-icon-trigger:before, body:not(.hide-focus-outline) .kt-accordion-id256_bbcbf0-23:not( .kt-accodion-icon-style-basiccircle ):not( .kt-accodion-icon-style-xclosecircle ):not( .kt-accodion-icon-style-arrowcircle ) .kt-blocks-accordion--visible .kt-blocks-accordion-icon-trigger:after, body:not(.hide-focus-outline) .kt-accordion-id256_bbcbf0-23:not( .kt-accodion-icon-style-basiccircle ):not( .kt-accodion-icon-style-xclosecircle ):not( .kt-accodion-icon-style-arrowcircle ) .kt-blocks-accordion-header:focus-visible .kt-blocks-accordion-icon-trigger:before{background:var(--global-palette2, #2B6CB0);}.kt-accordion-id256_bbcbf0-23:not( .kt-accodion-icon-style-basic ):not( .kt-accodion-icon-style-xclose ):not( .kt-accodion-icon-style-arrow ) .kt-accordion-header-wrap .kt-blocks-accordion-header:hover .kt-blocks-accordion-icon-trigger, body:not(.hide-focus-outline) .kt-accordion-id256_bbcbf0-23:not( .kt-accodion-icon-style-basic ):not( .kt-accodion-icon-style-xclose ):not( .kt-accodion-icon-style-arrow ) .kt-accordion-header-wrap .kt-blocks-accordion-header:focus-visible .kt-blocks-accordion-icon-trigger{background:var(--global-palette2, #2B6CB0);}.kt-accordion-id256_bbcbf0-23 .kt-accordion-header-wrap .kt-blocks-accordion-header:focus-visible,\n\t\t\t\t.kt-accordion-id256_bbcbf0-23 > .kt-accordion-inner-wrap > .wp-block-kadence-pane > .kt-accordion-header-wrap > .kt-blocks-accordion-header.kt-accordion-panel-active{color:var(--global-palette2, #2B6CB0);border-top-color:var(--global-palette3, #1A202C);border-top-style:solid;border-right-color:#eeeeee;border-right-style:solid;border-bottom-color:#eeeeee;border-bottom-style:solid;border-left-color:#0e9cd1;border-left-style:solid;}.kt-accordion-id256_bbcbf0-23:not( .kt-accodion-icon-style-basiccircle ):not( .kt-accodion-icon-style-xclosecircle ):not( .kt-accodion-icon-style-arrowcircle )  > .kt-accordion-inner-wrap > .wp-block-kadence-pane > .kt-accordion-header-wrap > .kt-blocks-accordion-header.kt-accordion-panel-active .kt-blocks-accordion-icon-trigger:after, .kt-accordion-id256_bbcbf0-23:not( .kt-accodion-icon-style-basiccircle ):not( .kt-accodion-icon-style-xclosecircle ):not( .kt-accodion-icon-style-arrowcircle )  > .kt-accordion-inner-wrap > .wp-block-kadence-pane > .kt-accordion-header-wrap > .kt-blocks-accordion-header.kt-accordion-panel-active .kt-blocks-accordion-icon-trigger:before{background:var(--global-palette2, #2B6CB0);}.kt-accordion-id256_bbcbf0-23:not( .kt-accodion-icon-style-basic ):not( .kt-accodion-icon-style-xclose ):not( .kt-accodion-icon-style-arrow ) .kt-blocks-accordion-header.kt-accordion-panel-active .kt-blocks-accordion-icon-trigger{background:var(--global-palette2, #2B6CB0);}@media all and (max-width: 1024px){.kt-accordion-id256_bbcbf0-23 .kt-accordion-panel-inner{border-top:0px solid transparent;border-right:0px solid transparent;border-bottom:0px solid var(--global-palette5, #4A5568);border-left:0px solid transparent;}}@media all and (max-width: 1024px){.kt-accordion-id256_bbcbf0-23 > .kt-accordion-inner-wrap > .wp-block-kadence-pane > .kt-accordion-header-wrap > .kt-blocks-accordion-header{border-top:1px solid var(--global-palette6, #718096);border-right-color:#eeeeee;border-right-style:solid;border-bottom:0px solid var(--global-palette3, #1A202C);border-left-color:#eeeeee;border-left-style:solid;}}@media all and (max-width: 1024px){.kt-accordion-id256_bbcbf0-23 > .kt-accordion-inner-wrap > .wp-block-kadence-pane > .kt-accordion-header-wrap > .kt-blocks-accordion-header:hover, \n\t\t\t\tbody:not(.hide-focus-outline) .kt-accordion-id256_bbcbf0-23 .kt-blocks-accordion-header:focus-visible{border-top-color:var(--global-palette3, #1A202C);border-top-style:solid;border-right-color:var(--global-palette3, #1A202C);border-right-style:solid;border-bottom-color:var(--global-palette3, #1A202C);border-bottom-style:solid;border-left-color:var(--global-palette3, #1A202C);border-left-style:solid;}}@media all and (max-width: 1024px){.kt-accordion-id256_bbcbf0-23 .kt-accordion-header-wrap .kt-blocks-accordion-header:focus-visible,\n\t\t\t\t.kt-accordion-id256_bbcbf0-23 > .kt-accordion-inner-wrap > .wp-block-kadence-pane > .kt-accordion-header-wrap > .kt-blocks-accordion-header.kt-accordion-panel-active{border-top-color:var(--global-palette3, #1A202C);border-top-style:solid;border-right-color:#eeeeee;border-right-style:solid;border-bottom-color:#eeeeee;border-bottom-style:solid;border-left-color:#0e9cd1;border-left-style:solid;}}@media all and (max-width: 767px){.kt-accordion-id256_bbcbf0-23 .kt-accordion-inner-wrap{display:block;}.kt-accordion-id256_bbcbf0-23 .kt-accordion-inner-wrap .kt-accordion-pane:not(:first-child){margin-top:32px;}.kt-accordion-id256_bbcbf0-23 .kt-accordion-panel-inner{border-top:0px solid transparent;border-right:0px solid transparent;border-bottom:0px solid var(--global-palette5, #4A5568);border-left:0px solid transparent;padding-top:0px;padding-right:var(--global-kb-spacing-md, 2rem);padding-bottom:var(--global-kb-spacing-md, 2rem);padding-left:var(--global-kb-spacing-md, 2rem);}.kt-accordion-id256_bbcbf0-23 > .kt-accordion-inner-wrap > .wp-block-kadence-pane > .kt-accordion-header-wrap > .kt-blocks-accordion-header{border-top:1px solid var(--global-palette6, #718096);border-right-color:#eeeeee;border-right-style:solid;border-bottom:0px solid var(--global-palette3, #1A202C);border-left-color:#eeeeee;border-left-style:solid;padding-top:var(--global-kb-spacing-sm, 1.5rem);padding-right:var(--global-kb-spacing-sm, 1.5rem);padding-bottom:var(--global-kb-spacing-sm, 1.5rem);padding-left:var(--global-kb-spacing-sm, 1.5rem);}.kt-accordion-id256_bbcbf0-23 > .kt-accordion-inner-wrap > .wp-block-kadence-pane > .kt-accordion-header-wrap > .kt-blocks-accordion-header:hover, \n\t\t\t\tbody:not(.hide-focus-outline) .kt-accordion-id256_bbcbf0-23 .kt-blocks-accordion-header:focus-visible{border-top-color:var(--global-palette3, #1A202C);border-top-style:solid;border-right-color:var(--global-palette3, #1A202C);border-right-style:solid;border-bottom-color:var(--global-palette3, #1A202C);border-bottom-style:solid;border-left-color:var(--global-palette3, #1A202C);border-left-style:solid;}.kt-accordion-id256_bbcbf0-23 .kt-accordion-header-wrap .kt-blocks-accordion-header:focus-visible,\n\t\t\t\t.kt-accordion-id256_bbcbf0-23 > .kt-accordion-inner-wrap > .wp-block-kadence-pane > .kt-accordion-header-wrap > .kt-blocks-accordion-header.kt-accordion-panel-active{border-top-color:var(--global-palette3, #1A202C);border-top-style:solid;border-right-color:#eeeeee;border-right-style:solid;border-bottom-color:#eeeeee;border-bottom-style:solid;border-left-color:#0e9cd1;border-left-style:solid;}}<\/style>\n<div class=\"wp-block-kadence-accordion alignnone\"><div class=\"kt-accordion-wrap kt-accordion-id256_bbcbf0-23 kt-accordion-has-4-panes kt-active-pane-0 kt-accordion-block kt-pane-header-alignment-left kt-accodion-icon-style-arrow kt-accodion-icon-side-left\" style=\"max-width:none\"><div class=\"kt-accordion-inner-wrap\" data-allow-multiple-open=\"false\" data-start-open=\"none\">\n<div class=\"wp-block-kadence-pane kt-accordion-pane kt-accordion-pane-1 kt-pane256_5b472e-6a\"><div class=\"kt-accordion-header-wrap\"><button class=\"kt-blocks-accordion-header kt-acccordion-button-label-show\" type=\"button\"><span class=\"kt-blocks-accordion-title-wrap\"><span class=\"kt-blocks-accordion-title\"><strong><strong>Dans combien de temps aurais-je une r\u00e9ponse \u00e0 mon mail ?<\/strong><\/strong><\/span><\/span><span class=\"kt-blocks-accordion-icon-trigger\"><\/span><\/button><\/div><div class=\"kt-accordion-panel kt-accordion-panel-hidden\"><div class=\"kt-accordion-panel-inner\"><style>.wp-block-kadence-advancedheading.kt-adv-heading256_916e2c-e8, .wp-block-kadence-advancedheading.kt-adv-heading256_916e2c-e8[data-kb-block=\"kb-adv-heading256_916e2c-e8\"]{font-style:normal;}.wp-block-kadence-advancedheading.kt-adv-heading256_916e2c-e8 mark.kt-highlight, .wp-block-kadence-advancedheading.kt-adv-heading256_916e2c-e8[data-kb-block=\"kb-adv-heading256_916e2c-e8\"] mark.kt-highlight{font-style:normal;color:#f76a0c;-webkit-box-decoration-break:clone;box-decoration-break:clone;padding-top:0px;padding-right:0px;padding-bottom:0px;padding-left:0px;}.wp-block-kadence-advancedheading.kt-adv-heading256_916e2c-e8 img.kb-inline-image, .wp-block-kadence-advancedheading.kt-adv-heading256_916e2c-e8[data-kb-block=\"kb-adv-heading256_916e2c-e8\"] img.kb-inline-image{width:150px;vertical-align:baseline;}<\/style>\n<p class=\"kt-adv-heading256_916e2c-e8 wp-block-kadence-advancedheading has-theme-palette-3-color has-text-color\" data-kb-block=\"kb-adv-heading256_916e2c-e8\">L&rsquo;\u00e9quipe s&rsquo;engage \u00e0 vous r\u00e9pondre dans un d\u00e9lai de 24h maximum. Vous pouvez \u00e9galement contacter par message Whatsapp si vous souhaitez une r\u00e9ponse plus rapide.<\/p>\n<\/div><\/div><\/div>\n\n\n\n<div class=\"wp-block-kadence-pane kt-accordion-pane kt-accordion-pane-2 kt-pane256_16dda3-7c\"><div class=\"kt-accordion-header-wrap\"><button class=\"kt-blocks-accordion-header kt-acccordion-button-label-show\" type=\"button\"><span class=\"kt-blocks-accordion-title-wrap\"><span class=\"kt-blocks-accordion-title\"><strong><strong>Combien y a t-il de places dans les v\u00e9hicules ?<\/strong><\/strong><\/span><\/span><span class=\"kt-blocks-accordion-icon-trigger\"><\/span><\/button><\/div><div class=\"kt-accordion-panel kt-accordion-panel-hidden\"><div class=\"kt-accordion-panel-inner\"><style>.wp-block-kadence-advancedheading.kt-adv-heading256_80fc20-c9, .wp-block-kadence-advancedheading.kt-adv-heading256_80fc20-c9[data-kb-block=\"kb-adv-heading256_80fc20-c9\"]{font-style:normal;}.wp-block-kadence-advancedheading.kt-adv-heading256_80fc20-c9 mark.kt-highlight, .wp-block-kadence-advancedheading.kt-adv-heading256_80fc20-c9[data-kb-block=\"kb-adv-heading256_80fc20-c9\"] mark.kt-highlight{font-style:normal;color:#f76a0c;-webkit-box-decoration-break:clone;box-decoration-break:clone;padding-top:0px;padding-right:0px;padding-bottom:0px;padding-left:0px;}.wp-block-kadence-advancedheading.kt-adv-heading256_80fc20-c9 img.kb-inline-image, .wp-block-kadence-advancedheading.kt-adv-heading256_80fc20-c9[data-kb-block=\"kb-adv-heading256_80fc20-c9\"] img.kb-inline-image{width:150px;vertical-align:baseline;}<\/style>\n<p class=\"kt-adv-heading256_80fc20-c9 wp-block-kadence-advancedheading has-theme-palette-3-color has-text-color\" data-kb-block=\"kb-adv-heading256_80fc20-c9\">La Berline poss\u00e8de 4 places, en plus du chauffeur. N\u00e9anmoins, il est recommand\u00e9 de ne pas exc\u00e9der 3 personnes pour plus de confort dans le v\u00e9hicule. Le Van dispose de 8 places et il est plus spacieux. Il est \u00e0 prioriser si vous \u00eates plus de 3, ou si vous voyagez avec des bagages encombrants.<\/p>\n<\/div><\/div><\/div>\n\n\n\n<div class=\"wp-block-kadence-pane kt-accordion-pane kt-accordion-pane-3 kt-pane256_e0ba63-7a\"><div class=\"kt-accordion-header-wrap\"><button class=\"kt-blocks-accordion-header kt-acccordion-button-label-show\" type=\"button\"><span class=\"kt-blocks-accordion-title-wrap\"><span class=\"kt-blocks-accordion-title\"><strong><strong><strong>Les chauffeurs peuvent-ils assurer une prise en charge en anglais ?<\/strong><\/strong><\/strong><\/span><\/span><span class=\"kt-blocks-accordion-icon-trigger\"><\/span><\/button><\/div><div class=\"kt-accordion-panel kt-accordion-panel-hidden\"><div class=\"kt-accordion-panel-inner\"><style>.wp-block-kadence-advancedheading.kt-adv-heading256_98c4d6-bb, .wp-block-kadence-advancedheading.kt-adv-heading256_98c4d6-bb[data-kb-block=\"kb-adv-heading256_98c4d6-bb\"]{font-style:normal;}.wp-block-kadence-advancedheading.kt-adv-heading256_98c4d6-bb mark.kt-highlight, .wp-block-kadence-advancedheading.kt-adv-heading256_98c4d6-bb[data-kb-block=\"kb-adv-heading256_98c4d6-bb\"] mark.kt-highlight{font-style:normal;color:#f76a0c;-webkit-box-decoration-break:clone;box-decoration-break:clone;padding-top:0px;padding-right:0px;padding-bottom:0px;padding-left:0px;}.wp-block-kadence-advancedheading.kt-adv-heading256_98c4d6-bb img.kb-inline-image, .wp-block-kadence-advancedheading.kt-adv-heading256_98c4d6-bb[data-kb-block=\"kb-adv-heading256_98c4d6-bb\"] img.kb-inline-image{width:150px;vertical-align:baseline;}<\/style>\n<p class=\"kt-adv-heading256_98c4d6-bb wp-block-kadence-advancedheading has-theme-palette-3-color has-text-color\" data-kb-block=\"kb-adv-heading256_98c4d6-bb\">Nos chauffeurs parlent fran\u00e7ais et anglais afin de vous offrir un service fluide et une communication claire.<\/p>\n<\/div><\/div><\/div>\n\n\n\n<div class=\"wp-block-kadence-pane kt-accordion-pane kt-accordion-pane-4 kt-pane256_cc1a42-c7\"><div class=\"kt-accordion-header-wrap\"><button class=\"kt-blocks-accordion-header kt-acccordion-button-label-show\" type=\"button\"><span class=\"kt-blocks-accordion-title-wrap\"><span class=\"kt-blocks-accordion-title\"><strong><strong>Quels sont les moyens de paiement ?<\/strong><\/strong><\/span><\/span><span class=\"kt-blocks-accordion-icon-trigger\"><\/span><\/button><\/div><div class=\"kt-accordion-panel kt-accordion-panel-hidden\"><div class=\"kt-accordion-panel-inner\"><style>.wp-block-kadence-advancedheading.kt-adv-heading256_1e1d88-45, .wp-block-kadence-advancedheading.kt-adv-heading256_1e1d88-45[data-kb-block=\"kb-adv-heading256_1e1d88-45\"]{font-style:normal;}.wp-block-kadence-advancedheading.kt-adv-heading256_1e1d88-45 mark.kt-highlight, .wp-block-kadence-advancedheading.kt-adv-heading256_1e1d88-45[data-kb-block=\"kb-adv-heading256_1e1d88-45\"] mark.kt-highlight{font-style:normal;color:#f76a0c;-webkit-box-decoration-break:clone;box-decoration-break:clone;padding-top:0px;padding-right:0px;padding-bottom:0px;padding-left:0px;}.wp-block-kadence-advancedheading.kt-adv-heading256_1e1d88-45 img.kb-inline-image, .wp-block-kadence-advancedheading.kt-adv-heading256_1e1d88-45[data-kb-block=\"kb-adv-heading256_1e1d88-45\"] img.kb-inline-image{width:150px;vertical-align:baseline;}<\/style>\n<p class=\"kt-adv-heading256_1e1d88-45 wp-block-kadence-advancedheading has-theme-palette-3-color has-text-color\" data-kb-block=\"kb-adv-heading256_1e1d88-45\">Vous pouvez r\u00e9gler directement \u00e0 bord du v\u00e9hicule par carte ou bien en esp\u00e8ces, selon vos pr\u00e9f\u00e9rences. <br><br>Les paiments accept\u00e9s par carte : Visa, Mastercard, Apple&nbsp;Pay, Google&nbsp;Pay, PayPay, Bancontact, Blik, Boleto, EPS, Giropay, iDeal, MyBank, PIX, Przelewy24, Satispay, Sofort.<\/p>\n<\/div><\/div><\/div>\n<\/div><\/div><\/div>\n<\/div><\/div>\n\n<\/div><\/div>","protected":false},"excerpt":{"rendered":"<p>Frequently Asked Questions (FAQ)<\/p>","protected":false},"author":1,"featured_media":0,"parent":0,"menu_order":0,"comment_status":"closed","ping_status":"closed","template":"","meta":{"_kadence_starter_templates_imported_post":false,"_kad_post_transparent":"","_kad_post_title":"","_kad_post_layout":"","_kad_post_sidebar_id":"","_kad_post_content_style":"","_kad_post_vertical_padding":"","_kad_post_feature":"","_kad_post_feature_position":"","_kad_post_header":false,"_kad_post_footer":false,"_kad_post_classname":"","footnotes":""},"class_list":["post-256","page","type-page","status-publish","hentry"],"_links":{"self":[{"href":"https:\/\/vtctransportexpress.com\/en\/wp-json\/wp\/v2\/pages\/256","targetHints":{"allow":["GET"]}}],"collection":[{"href":"https:\/\/vtctransportexpress.com\/en\/wp-json\/wp\/v2\/pages"}],"about":[{"href":"https:\/\/vtctransportexpress.com\/en\/wp-json\/wp\/v2\/types\/page"}],"author":[{"embeddable":true,"href":"https:\/\/vtctransportexpress.com\/en\/wp-json\/wp\/v2\/users\/1"}],"replies":[{"embeddable":true,"href":"https:\/\/vtctransportexpress.com\/en\/wp-json\/wp\/v2\/comments?post=256"}],"version-history":[{"count":7,"href":"https:\/\/vtctransportexpress.com\/en\/wp-json\/wp\/v2\/pages\/256\/revisions"}],"predecessor-version":[{"id":1637,"href":"https:\/\/vtctransportexpress.com\/en\/wp-json\/wp\/v2\/pages\/256\/revisions\/1637"}],"wp:attachment":[{"href":"https:\/\/vtctransportexpress.com\/en\/wp-json\/wp\/v2\/media?parent=256"}],"curies":[{"name":"wp","href":"https:\/\/api.w.org\/{rel}","templated":true}]}}